{"id":59,"date":"2018-08-05T16:29:29","date_gmt":"2018-08-05T14:29:29","guid":{"rendered":"http:\/\/doctorant-conseil.fr\/?page_id=59"},"modified":"2022-07-12T09:48:33","modified_gmt":"2022-07-12T07:48:33","slug":"materialis","status":"publish","type":"page","link":"https:\/\/doctorant-conseil.fr\/","title":{"rendered":"Doctorant Conseil &#8211; acc\u00e9l\u00e9rer la r\u00e9alisation d\u2019un projet cl\u00e9"},"content":{"rendered":"<div id=\"overlappable-8\" style=\"background-color: #f5fafd;\" data-label=\"Overlappable\" data-id=\"overlappable-5-materialis\" data-export-id=\"overlappable-5-materialis\" data-category=\"overlappable\" class=\"overlappable-5-materialis content-section content-section-spacing-large\" data-overlap=\"true\">\r\n<div class=\"gridContainer\">\r\n<div data-type=\"row\" class=\"row spaced-cols \">\r\n<div class=\"col-sm-6 col-md-6 \">\r\n<div class=\"card mdc-elevation--z3 row-card\">\r\n<div class=\"row\">\r\n<div class=\"col-sm-fit icon-col\"><i class=\"color1 icon mdi mdi-crosshairs-gps bordered round big\"><\/i><\/div>\r\n<div class=\"col-sm\" data-type=\"column\">\r\n<h4 class=\"color-black\">Expertise de haut niveau<\/h4>\r\n<p class=\"\">Entrepreneurs, d\u00e9cideurs, vos projets m\u00e9ritent une expertise technologique, \u00e9conomique et juridique de haut niveau<\/p>\r\n\r\n<\/div>\r\n<\/div>\r\n<\/div>\r\n<\/div>\r\n<div class=\"col-sm-6 col-md-6 \">\r\n<div class=\"card mdc-elevation--z3 row-card\">\r\n<div class=\"row\">\r\n<div class=\"col-sm-fit icon-col\"><i class=\"color1 icon mdi mdi-account-check bordered round big\"><\/i><\/div>\r\n<div class=\"col-sm\" data-type=\"column\">\r\n<h4 class=\"color-black\">Acc\u00e9l\u00e9rateur de projets<\/h4>\r\n<p class=\"\">Doctorant conseil optimise la formulation de votre besoin aupr\u00e8s des doctorants experts dans vos domaines<\/p>\r\n\r\n<\/div>\r\n<\/div>\r\n<\/div>\r\n<\/div>\r\n<\/div>\r\n<\/div>\r\n<\/div>\r\n<div id=\"about-6\" style=\"background-color: #f5fafd;\" data-label=\"About\" data-id=\"about-4\" data-export-id=\"about-4\" data-category=\"about\" class=\"about-4 content-section content-section-spacing-large\">\r\n<div class=\"gridContainer\">\r\n<div class=\"row middle-sm text-center\">\r\n<div class=\"col-sm-5 space-bottom-xs\" data-type=\"column\">\r\n<p class=\"\">L\u2019activit\u00e9 est exerc\u00e9e sous la forme d\u2019une mission effectu\u00e9e par un doctorant dans une entreprise, une administration ou une collectivit\u00e9 territoriale, en parall\u00e8le \u00e0 son travail de doctorat au sein d\u2019une unit\u00e9 de recherche. Le th\u00e8me de cette mission se situe dans le domaine des comp\u00e9tences acquises par le doctorant tout au long de son parcours ; il ne pr\u00e9sente pas n\u00e9cessairement un lien direct avec son sujet de recherche.<\/p>\r\n\r\n<h2 class=\"\">B\u00e9n\u00e9ficiez du\u00a0<span style=\"font-family: Playfair Display,sans-serif; font-weight: bold; font-style: italic;\" href=\"#\">haut niveau de qualification\u00a0<\/span>des doctorants<\/h2>\r\n<\/div>\r\n<div class=\"col-sm-7 flexbox center-xs middle-xs image-group-2-img padding-top-bottom\"><img class=\"img-1 rounded mdc-elevation--z10\" data-size=\"250x200\" src=\"http:\/\/doctorant-conseil.fr\/wp-content\/uploads\/2018\/08\/cropped-PhD-Student-1024x1024-5.png\" \/> <img class=\"img-2 rounded mdc-elevation--z10\" data-size=\"220x170\" src=\"http:\/\/doctorant-conseil.fr\/wp-content\/uploads\/2018\/08\/cropped-Logo-stock.png\" \/><\/div>\r\n<\/div>\r\n<\/div>\r\n<\/div>\r\n<div id=\"portfolio-2\" style=\"background-color: #f5fafd;\" data-label=\"Portfolio\" data-id=\"portfolio-1-materialis\" data-export-id=\"portfolio-1-materialis\" data-category=\"portfolio\" class=\"portfolio-1-materialis content-section\">\r\n<div class=\"gridContainer\">\r\n<div class=\"row text-center\" data-type=\"row\" data-fixed=\"true\">\r\n<div class=\"col-md-4 col-sm-6 col-xs-12 no-gutter-col\">\r\n<div class=\"contentswap-effect\" data-hover-fx=\"portfolio-1\">\r\n<div class=\"initial-image\"><img data-size=\"600x354\" src=\"http:\/\/doctorant-conseil.fr\/wp-content\/uploads\/2018\/08\/cropped-Future-Humanities.jpg\" \/><\/div>\r\n<div class=\"overlay bg-color-black\"><\/div>\r\n<div class=\"swap-inner col-xs-12\">\r\n<div class=\"row full-height-row middle-xs\">\r\n<div class=\"col-xs-12 text-center white-text\">\r\n<h4 class=\"font-500\">Veille technologique<\/h4>\r\n<\/div>\r\n<\/div>\r\n<\/div>\r\n<\/div>\r\n<\/div>\r\n<div class=\"col-md-4 col-sm-6 col-xs-12 no-gutter-col\">\r\n<div class=\"contentswap-effect\" data-hover-fx=\"portfolio-1\">\r\n<div class=\"initial-image\"><img data-size=\"600x354\" src=\"http:\/\/doctorant-conseil.fr\/wp-content\/plugins\/materialis-companion\/theme-data\/materialis\/sections\/images\/image-2.png\" \/><\/div>\r\n<div class=\"overlay bg-color-black\"><\/div>\r\n<div class=\"swap-inner col-xs-12\">\r\n<div class=\"row full-height-row middle-xs\">\r\n<div class=\"col-xs-12 text-center white-text\">\r\n<h4 class=\"font-500\">Recherche et analyse documentaires<\/h4>\r\n<\/div>\r\n<\/div>\r\n<\/div>\r\n<\/div>\r\n<\/div>\r\n<div class=\"col-md-4 col-sm-6 col-xs-12 no-gutter-col\">\r\n<div class=\"contentswap-effect\" data-hover-fx=\"portfolio-1\">\r\n<div class=\"initial-image\"><img data-size=\"600x354\" src=\"http:\/\/doctorant-conseil.fr\/wp-content\/uploads\/2018\/08\/cropped-images-2-2.jpeg\" \/><\/div>\r\n<div class=\"overlay bg-color-black\"><\/div>\r\n<div class=\"swap-inner col-xs-12\">\r\n<div class=\"row full-height-row middle-xs\">\r\n<div class=\"col-xs-12 text-center white-text\">\r\n<h4 class=\"font-500\">Etude de faisabilit\u00e9<\/h4>\r\n<\/div>\r\n<\/div>\r\n<\/div>\r\n<\/div>\r\n<\/div>\r\n<div class=\"col-md-4 col-sm-6 col-xs-12 no-gutter-col\">\r\n<div class=\"contentswap-effect\" data-hover-fx=\"portfolio-1\">\r\n<div class=\"initial-image\"><img data-size=\"600x354\" src=\"http:\/\/doctorant-conseil.fr\/wp-content\/uploads\/2018\/08\/cropped-pharmacology-science-digital-enterprise-matrix-style-background-177382.jpg\" \/><\/div>\r\n<div class=\"overlay bg-color-black\"><\/div>\r\n<div class=\"swap-inner col-xs-12\">\r\n<div class=\"row full-height-row middle-xs\">\r\n<div class=\"col-xs-12 text-center white-text\">\r\n<h4 class=\"font-500\">Etude R&amp;D<\/h4>\r\n<\/div>\r\n<\/div>\r\n<\/div>\r\n<\/div>\r\n<\/div>\r\n<div class=\"col-md-4 col-sm-6 col-xs-12 no-gutter-col\">\r\n<div class=\"contentswap-effect\" data-hover-fx=\"portfolio-1\">\r\n<div class=\"initial-image\"><img data-size=\"600x354\" src=\"http:\/\/doctorant-conseil.fr\/wp-content\/uploads\/2018\/08\/cropped-apple-and-measuring-tape-1.jpg\" \/><\/div>\r\n<div class=\"overlay bg-color-black\"><\/div>\r\n<div class=\"swap-inner col-xs-12\">\r\n<div class=\"row full-height-row middle-xs\">\r\n<div class=\"col-xs-12 text-center white-text\">\r\n<h4 class=\"font-500\">Analyse de march\u00e9<\/h4>\r\n<\/div>\r\n<\/div>\r\n<\/div>\r\n<\/div>\r\n<\/div>\r\n<div class=\"col-md-4 col-sm-6 col-xs-12 no-gutter-col\">\r\n<div class=\"contentswap-effect\" data-hover-fx=\"portfolio-1\">\r\n<div class=\"initial-image\"><img data-size=\"600x354\" src=\"http:\/\/doctorant-conseil.fr\/wp-content\/uploads\/2018\/08\/cropped-images.png\" \/><\/div>\r\n<div class=\"overlay bg-color-black\"><\/div>\r\n<div class=\"swap-inner col-xs-12\">\r\n<div class=\"row full-height-row middle-xs\">\r\n<div class=\"col-xs-12 text-center white-text\">\r\n<h4 class=\"font-500\">Optimisation des processus<\/h4>\r\n<\/div>\r\n<\/div>\r\n<\/div>\r\n<\/div>\r\n<\/div>\r\n<div class=\"col-md-4 col-sm-6 col-xs-12 no-gutter-col\">\r\n<div class=\"contentswap-effect\" data-hover-fx=\"portfolio-1\">\r\n<div class=\"initial-image\"><img data-size=\"600x354\" src=\"http:\/\/doctorant-conseil.fr\/wp-content\/uploads\/2018\/08\/cropped-big-data-3445683_960_720.png\" \/><\/div>\r\n<div class=\"overlay bg-color-black\"><\/div>\r\n<div class=\"swap-inner col-xs-12\">\r\n<div class=\"row full-height-row middle-xs\">\r\n<div class=\"col-xs-12 text-center white-text\">\r\n<h4 class=\"font-500\">Analyse de donn\u00e9es<\/h4>\r\n<\/div>\r\n<\/div>\r\n<\/div>\r\n<\/div>\r\n<\/div>\r\n<div class=\"col-md-4 col-sm-6 col-xs-12 no-gutter-col\">\r\n<div class=\"contentswap-effect\" data-hover-fx=\"portfolio-1\">\r\n<div class=\"initial-image\"><img data-size=\"600x354\" src=\"http:\/\/doctorant-conseil.fr\/wp-content\/uploads\/2018\/08\/cropped-c2b783fa2260c649208fbf44f933-1444293.jpgd_.jpeg\" \/><\/div>\r\n<div class=\"overlay bg-color-black\"><\/div>\r\n<div class=\"swap-inner col-xs-12\">\r\n<div class=\"row full-height-row middle-xs\">\r\n<div class=\"col-xs-12 text-center white-text\">\r\n<h4 class=\"font-500\">Expertise en management<\/h4>\r\n<\/div>\r\n<\/div>\r\n<\/div>\r\n<\/div>\r\n<\/div>\r\n<div class=\"col-md-4 col-sm-6 col-xs-12 no-gutter-col\">\r\n<div class=\"contentswap-effect\" data-hover-fx=\"portfolio-1\">\r\n<div class=\"initial-image\"><img data-size=\"600x354\" src=\"http:\/\/doctorant-conseil.fr\/wp-content\/uploads\/2018\/08\/cropped-megaphone-speaker-speakers-spea-15312559394S6.jpg\" \/><\/div>\r\n<div class=\"overlay bg-color-black\"><\/div>\r\n<div class=\"swap-inner col-xs-12\">\r\n<div class=\"row full-height-row middle-xs\">\r\n<div class=\"col-xs-12 text-center white-text\">\r\n<h4 class=\"font-500\">Conf\u00e9rences inspir\u00e9es<\/h4>\r\n<\/div>\r\n<\/div>\r\n<\/div>\r\n<\/div>\r\n<\/div>\r\n<\/div>\r\n<\/div>\r\n<\/div>\r\n<div id=\"content-24\" style=\"background-color: #f5fafd;\" data-label=\"Content\" data-id=\"content-7-materialis\" data-export-id=\"content-7-materialis\" data-category=\"content\" class=\"content-7m content-section-spacing-large content-section\">\r\n<div class=\"gridContainer\">\r\n<div class=\"row middle-sm\">\r\n<div class=\"col-md-6 col-xs-12 col-sm-6 col-padding-small-xs\"><img class=\"mdc-elevation--z13 img-rounded\" src=\"http:\/\/doctorant-conseil.fr\/wp-content\/plugins\/materialis-companion\/theme-data\/materialis\/sections\/images\/image-6.jpg\" \/><\/div>\r\n<div class=\"col-md-5 col-md-offset-1 col-xs-12 col-sm-6 content-left-sm col-padding-small-xs\" data-type=\"column\">\r\n<h6 class=\"upper\">Les modalit\u00e9s juridiques et financi\u00e8res<\/h6>\r\n<h3 class=\"space-bottom\">Une convention fixe les conditions de la mission<\/h3>\r\n<p class=\"space-top\">Le dispositif doctorant-conseil est le moyen le plus souple et le plus performant \u00e0 l\u2019heure actuelle pour faire appel \u00e0 l\u2019expertise des doctorants. A l\u2019issue de sa mission, l\u2019entreprise re\u00e7oit une facture correspondant \u00e0 la prestation r\u00e9alis\u00e9e dont le montant est \u00e9tabli aux conditions du march\u00e9. Pour l\u2019entreprise, ces sommes sont \u00e9ligibles, sous certaines conditions, au Cr\u00e9dit d\u2019Imp\u00f4t Recherche (CIR).<\/p>\r\n\r\n<\/div>\r\n<\/div>\r\n<\/div>\r\n<\/div>\r\n<div id=\"cta-1\" style=\"background-color: #f5fafd;\" data-label=\"Cta\" data-id=\"cta-1-materialis\" data-export-id=\"cta-1-materialis\" data-category=\"cta\" class=\"content-relative content-section content-section-spacing-large cta-1-materialis section-title-col-white-text\" data-parallax-depth=\"20\" data-ovid=\"1\">\r\n<div class=\"gridContainer\">\r\n<div class=\"row text-center col-sm-padding-medium\">\r\n<div class=\"col-md-6 col-md-offset-3 col-xs-10 col-xs-offset-1 card mdc-elevation--z3 box-padding-lr-small\">\r\n<div data-type=\"column\" class=\"\">\r\n<h2 class=\"\">Un dispositif 3 fois gagnant<\/h2>\r\n<p class=\"\">Pour les entreprises : r\u00e9pondre \u00e0 un besoin non-satisfait en interne, utiliser les comp\u00e9tences des jeunes chercheurs, rep\u00e9rer de futurs collaborateurs, nouer des liens avec des \u00e9tablissements d\u2019enseignement sup\u00e9rieur\u2026<\/p>\r\nPour les doctorants : mettre au service d\u2019entreprises ses comp\u00e9tences, s\u2019enrichir d\u2019une exp\u00e9rience suppl\u00e9mentaire, r\u00e9fl\u00e9chir sur son orientation professionnelle\u2026\r\n\r\nPour les \u00e9tablissements d\u2019enseignement sup\u00e9rieur : renforcer ses liens avec le tissu socio-\u00e9conomique, d\u00e9couvrir des partenaires potentiels pour des collaborations plus longues, valoriser les comp\u00e9tences de ses personnels et \u00e9tudiants\u2026\r\n\r\n<\/div>\r\n<\/div>\r\n<\/div>\r\n<\/div>\r\n<\/div>\r\n<div data-label=\"Team\" data-id=\"team--NaN\" data-export-id=\"team-1-materialis\" data-category=\"team\" class=\"team-1m content-section content-section-spacing-large\" id=\"team-8\" style=\"background-color: #f5fafd; background-image: none;\">\r\n<div class=\"gridContainer\">\r\n<div class=\"row text-center space-bottom\">\r\n<div class=\"section-title-col\" data-type=\"column\">\r\n<h2 class=\"\">Notre \u00e9quipe<\/h2>\r\n<p class=\"lead\">Ce site est fi\u00e8rement\u00a0propuls\u00e9 par okaydoc.fr la plateforme qui entend re-connecter l\u2019entreprise et la \u00a0recherche en France.\u00a0Les organisations qui souhaitent faire appel \u00e0 un doctorant\/expert nous soumettent une demande en ligne. Nous nous chargeons ensuite de leur proposer des chercheurs dans diff\u00e9rents champs disciplinaires.<\/p>\r\n\r\n<\/div>\r\n<\/div>\r\n<div class=\"row spaced-cols content-center-sm\" data-type=\"row\">\r\n<div class=\"col-sm-6 col-md-4 \">\r\n<div class=\"card mdc-elevation--z3 y-move no-padding no-radius\">\r\n\r\n<img class=\"face space-bottom-small\" src=\"http:\/\/doctorant-conseil.fr\/wp-content\/uploads\/2018\/08\/cropped-OkayDocLOGOS-11.jpg\" \/>\r\n<div data-type=\"column\" class=\"col-padding-small col-padding-small-xs description-container\">\r\n<h6 class=\"no-margin-bottom font-700\">Okay Doc<\/h6>\r\n<p class=\"font-300\">Mission : connecter l\u2019entreprise et la recherche<\/p>\r\n\r\n<div class=\"social-icons-group\" data-type=\"group\"><a href=\"https:\/\/www.facebook.com\/okaydoc.fr\" target=\"_blank\" class=\"\" rel=\"noopener\"><i class=\"mdi social-icon mdi-facebook\"><\/i><\/a> <a href=\"https:\/\/twitter.com\/Okay_Doc\" target=\"_blank\" class=\"\" rel=\"noopener\"><i class=\"mdi social-icon mdi-twitter\"><\/i><\/a> <a href=\"https:\/\/www.linkedin.com\/company\/okay-doc\" target=\"_blank\" class=\"\" rel=\"noopener\"><i class=\"mdi social-icon mdi-linkedin-box\"><\/i><\/a> <a href=\"#\" target=\"_self\" data-reiki-hidden=\"true\" rel=\"noopener\"><i class=\"mdi social-icon mdi-rss\"><\/i><\/a><\/div>\r\n<\/div>\r\n<\/div>\r\n<\/div>\r\n<div class=\"col-sm-6 col-md-4 \">\r\n<div class=\"card mdc-elevation--z3 y-move no-padding no-radius\">\r\n\r\n<img class=\"face space-bottom-small\" src=\"https:\/\/doctorant-conseil.fr\/wp-content\/uploads\/2021\/01\/cropped-1572000559261.jpg\" \/>\r\n<div data-type=\"column\" class=\"col-padding-small col-padding-small-xs description-container\">\r\n<h6 class=\"no-margin-bottom font-700\">Charles AYMARD<\/h6>\r\n<p class=\"font-300\">Cofondateur \u2013 Docteur en Sciences de Gestion \u2013 Management International<\/p>\r\n\r\n<div class=\"social-icons-group\" data-type=\"group\"><a href=\"https:\/\/www.linkedin.com\/in\/charles-aymard-8b4595ba\" target=\"_blank\" class=\"\" rel=\"noopener\"><i class=\"mdi social-icon mdi-linkedin-box\"><\/i><\/a> <a href=\"#\" target=\"_blank\" class=\"\" data-reiki-hidden=\"true\" rel=\"noopener\"><i class=\"mdi social-icon mdi-twitter\"><\/i><\/a> <a href=\"#\" target=\"_self\" data-reiki-hidden=\"true\" rel=\"noopener\"><i class=\"mdi social-icon mdi-instagram\"><\/i><\/a> <a href=\"#\" target=\"_self\" data-reiki-hidden=\"true\" rel=\"noopener\"><i class=\"mdi social-icon mdi-rss\"><\/i><\/a><\/div>\r\n<\/div>\r\n<\/div>\r\n<\/div>\r\n<div class=\"col-sm-6 col-md-4 \">\r\n<div class=\"card mdc-elevation--z3 y-move no-padding no-radius\">\r\n\r\n<img class=\"face space-bottom-small\" src=\"http:\/\/doctorant-conseil.fr\/wp-content\/uploads\/2018\/08\/cropped-cropped-AAEAAQAAAAAAAAzRAAAAJDMwOTRhZjMwLTdhOTUtNDIyMi04NTQxLTA0OGNlMmVjN2E1NQ-1-2.jpg\" \/>\r\n<div data-type=\"column\" class=\"col-padding-small col-padding-small-xs description-container\">\r\n<h6 class=\"no-margin-bottom font-700\">Yann-Ma\u00ebl LARHER<\/h6>\r\n<p class=\"font-300\"><span style=\"background-color: var(--mdc-theme-background,#fff);\">Cofondateur \u2013 Docteur en droit social, laur\u00e9at du prix des Talents de la Recherche<\/span><\/p>\r\n\r\n<div class=\"social-icons-group\" data-type=\"group\"><a href=\"https:\/\/www.linkedin.com\/in\/ylarher\" target=\"_blank\" class=\"\" rel=\"noopener\"><i class=\"mdi social-icon mdi-linkedin-box\"><\/i><\/a> <a href=\"https:\/\/twitter.com\/YannMael\" target=\"_blank\" class=\"\" rel=\"noopener\"><i class=\"mdi social-icon mdi-twitter\"><\/i><\/a> <a href=\"#\" target=\"_self\" data-reiki-hidden=\"true\" rel=\"noopener\"><i class=\"mdi social-icon mdi-instagram\"><\/i><\/a> <a href=\"#\" target=\"_self\" data-reiki-hidden=\"true\" rel=\"noopener\"><i class=\"mdi social-icon mdi-rss\"><\/i><\/a><\/div>\r\n<\/div>\r\n<\/div>\r\n<\/div>\r\n<\/div>\r\n<\/div>\r\n<\/div>\r\n<div data-label=\"Clients\" data-id=\"clients--1\" data-export-id=\"clients-2\" data-category=\"clients\" class=\"clients-2 content-section content-section-spacing-large\" id=\"clients-1\" style=\"background-color: #ffffff; background-image: none;\">\r\n<div class=\"gridContainer\">\r\n<div class=\"row\">\r\n<div class=\"section-title-col\" data-type=\"column\">\r\n<h2 class=\"font-700\">Nos partenaires<\/h2>\r\n<\/div>\r\n<\/div>\r\n<div class=\"row center-xs spaced-cols middle-sm\" data-type=\"row\">\r\n<div class=\"col-xs-6 col-sm-3\"><img src=\"http:\/\/doctorant-conseil.fr\/wp-content\/uploads\/2018\/08\/cropped-1280px-Logo_Vinci.svg_.png\" class=\"\" \/><\/div>\r\n<div class=\"col-xs-6 col-sm-3\"><img src=\"http:\/\/doctorant-conseil.fr\/wp-content\/uploads\/2018\/08\/cropped-26731329_1599788730128411_479773571604383244_n.png\" class=\"\" \/><\/div>\r\n<div class=\"col-xs-6 col-sm-3\"><img src=\"http:\/\/doctorant-conseil.fr\/wp-content\/uploads\/2018\/08\/cropped-logosapiens-v2-1-1.png\" class=\"\" \/><\/div>\r\n<div class=\"col-xs-6 col-sm-3\"><img class=\"custom-image\" src=\"http:\/\/doctorant-conseil.fr\/wp-content\/uploads\/2018\/08\/cropped-IMF_AMBGRAND_5885_1503927364_Maddyness_Logo.png\" \/><\/div>\r\n<\/div>\r\n<\/div>\r\n<\/div>\r\n<div id=\"contact-1\" data-label=\"Contact\" data-id=\"contact-1\" data-export-id=\"contact-1\" data-category=\"contact\" class=\"contact-1 content-section content-section-spacing-large content-relative white-text\" data-parallax-depth=\"20\">\r\n<div class=\"gridContainer\">\r\n<div class=\"row text-center\">\r\n<div class=\"section-title-col\" data-type=\"column\">\r\n<h2 class=\"\">Contactez-nous<\/h2>\r\n<p class=\"lead\">Vous \u00eates une entreprise \u00e0 la recherche de talents ? Vous \u00eates un doctorant innovant ? Vous souhaitez apporter votre soutien au projet ? Nous sommes \u00e0 votre disposition.<\/p>\r\n\r\n<\/div>\r\n<\/div>\r\n<div class=\"row text-center\">\r\n<div class=\"col-xs-12 col-sm-8 col-sm-offset-2 contact-form-wrapper inline-info\">\r\n<div class=\"card mdc-elevation--z3 col-padding-top\">\r\n<div class=\"dark-text\" data-content-shortcode=\"materialis_contact_form shortcode=&quot;contact-form-7 id=&amp;amp;quot;159&amp;amp;quot; title=&amp;amp;quot;Contactez-nous&amp;amp;quot;&quot;\" data-editable=\"true\"><div role=\"form\" class=\"wpcf7\" id=\"wpcf7-f159-o1\" lang=\"fr-FR\" dir=\"ltr\">\n<div class=\"screen-reader-response\"><p role=\"status\" aria-live=\"polite\" aria-atomic=\"true\"><\/p> <ul><\/ul><\/div>\n<form action=\"\/index.php?rest_route=%2Fwp%2Fv2%2Fpages%2F59#wpcf7-f159-o1\" method=\"post\" class=\"wpcf7-form init\" novalidate=\"novalidate\" data-status=\"init\">\n<div style=\"display: none;\">\n<input type=\"hidden\" name=\"_wpcf7\" value=\"159\" \/>\n<input type=\"hidden\" name=\"_wpcf7_version\" value=\"5.6\" \/>\n<input type=\"hidden\" name=\"_wpcf7_locale\" value=\"fr_FR\" \/>\n<input type=\"hidden\" name=\"_wpcf7_unit_tag\" value=\"wpcf7-f159-o1\" \/>\n<input type=\"hidden\" name=\"_wpcf7_container_post\" value=\"0\" \/>\n<input type=\"hidden\" name=\"_wpcf7_posted_data_hash\" value=\"\" \/>\n<\/div>\n<p><label> Votre nom (obligatoire)<br \/>\n    <span class=\"wpcf7-form-control-wrap\" data-name=\"your-name\"><input type=\"text\" name=\"your-name\" value=\"\" size=\"40\" class=\"wpcf7-form-control wpcf7-text wpcf7-validates-as-required\" aria-required=\"true\" aria-invalid=\"false\" \/><\/span> <\/label><\/p>\n<p><label> Votre adresse de messagerie (obligatoire)<br \/>\n    <span class=\"wpcf7-form-control-wrap\" data-name=\"your-email\"><input type=\"email\" name=\"your-email\" value=\"\" size=\"40\" class=\"wpcf7-form-control wpcf7-text wpcf7-email wpcf7-validates-as-required wpcf7-validates-as-email\" aria-required=\"true\" aria-invalid=\"false\" \/><\/span> <\/label><\/p>\n<p><label> Objet<br \/>\n    <span class=\"wpcf7-form-control-wrap\" data-name=\"your-subject\"><input type=\"text\" name=\"your-subject\" value=\"\" size=\"40\" class=\"wpcf7-form-control wpcf7-text\" aria-invalid=\"false\" \/><\/span> <\/label><\/p>\n<p><label> Votre message<br \/>\n    <span class=\"wpcf7-form-control-wrap\" data-name=\"your-message\"><textarea name=\"your-message\" cols=\"40\" rows=\"10\" class=\"wpcf7-form-control wpcf7-textarea\" aria-invalid=\"false\"><\/textarea><\/span> <\/label><\/p>\n<p><span class=\"wpcf7-form-control-wrap\" data-name=\"spam-quiz\"><label><span class=\"wpcf7-quiz-label\">Afin d&#039;\u00e9viter les spams combien font 2 - 1?<\/span> <input type=\"text\" name=\"spam-quiz\" size=\"2\" maxlength=\"2\" class=\"wpcf7-form-control wpcf7-quiz\" autocomplete=\"off\" aria-required=\"true\" aria-invalid=\"false\" \/><\/label><input type=\"hidden\" name=\"_wpcf7_quiz_answer_spam-quiz\" value=\"58351edd8edf375749cf241a02b87f0d\" \/><\/span><\/p>\n<p><input type=\"submit\" value=\"Envoyer\" class=\"wpcf7-form-control has-spinner wpcf7-submit\" \/><\/p>\n<p style=\"display: none !important;\"><label>&#916;<textarea name=\"_wpcf7_ak_hp_textarea\" cols=\"45\" rows=\"8\" maxlength=\"100\"><\/textarea><\/label><input type=\"hidden\" id=\"ak_js_1\" name=\"_wpcf7_ak_js\" value=\"192\"\/><script>document.getElementById( \"ak_js_1\" ).setAttribute( \"value\", ( new Date() ).getTime() );<\/script><\/p><div class=\"wpcf7-response-output\" aria-hidden=\"true\"><\/div><\/form><\/div><\/div>\r\n<\/div>\r\n<\/div>\r\n<\/div>\r\n<\/div>\r\n<\/div>","protected":false},"excerpt":{"rendered":"<p>Expertise de haut niveau Entrepreneurs, d\u00e9cideurs, vos projets m\u00e9ritent une expertise technologique, \u00e9conomique et juridique de haut niveau Acc\u00e9l\u00e9rateur de projets Doctorant conseil optimise la formulation de votre besoin aupr\u00e8s des doctorants experts dans vos domaines L\u2019activit\u00e9 est exerc\u00e9e sous la forme d\u2019une mission effectu\u00e9e par un doctorant dans une entreprise, une administration ou une&nbsp;&hellip;<\/p>\n","protected":false},"author":1,"featured_media":38,"parent":0,"menu_order":0,"comment_status":"closed","ping_status":"closed","template":"page-templates\/homepage.php","meta":[],"_links":{"self":[{"href":"https:\/\/doctorant-conseil.fr\/index.php?rest_route=\/wp\/v2\/pages\/59"}],"collection":[{"href":"https:\/\/doctorant-conseil.fr\/index.php?rest_route=\/wp\/v2\/pages"}],"about":[{"href":"https:\/\/doctorant-conseil.fr\/index.php?rest_route=\/wp\/v2\/types\/page"}],"author":[{"embeddable":true,"href":"https:\/\/doctorant-conseil.fr\/index.php?rest_route=\/wp\/v2\/users\/1"}],"replies":[{"embeddable":true,"href":"https:\/\/doctorant-conseil.fr\/index.php?rest_route=%2Fwp%2Fv2%2Fcomments&post=59"}],"version-history":[{"count":23,"href":"https:\/\/doctorant-conseil.fr\/index.php?rest_route=\/wp\/v2\/pages\/59\/revisions"}],"predecessor-version":[{"id":177,"href":"https:\/\/doctorant-conseil.fr\/index.php?rest_route=\/wp\/v2\/pages\/59\/revisions\/177"}],"wp:featuredmedia":[{"embeddable":true,"href":"https:\/\/doctorant-conseil.fr\/index.php?rest_route=\/wp\/v2\/media\/38"}],"wp:attachment":[{"href":"https:\/\/doctorant-conseil.fr\/index.php?rest_route=%2Fwp%2Fv2%2Fmedia&parent=59"}],"curies":[{"name":"wp","href":"https:\/\/api.w.org\/{rel}","templated":true}]}}